{"id":2051,"date":"2025-04-16T17:27:47","date_gmt":"2025-04-16T15:27:47","guid":{"rendered":"https:\/\/badhaus.it\/your-stay\/inquiry\/"},"modified":"2026-03-17T17:07:27","modified_gmt":"2026-03-17T16:07:27","slug":"inquiry","status":"publish","type":"page","link":"https:\/\/badhaus.it\/en\/your-stay-4-star-hotel-brixen\/inquiry\/","title":{"rendered":"Inquiry"},"content":{"rendered":"\t\t<div data-elementor-type=\"wp-page\" data-elementor-id=\"2051\" class=\"elementor elementor-2051 elementor-569\" data-elementor-post-type=\"page\">\n\t\t\t\t<div class=\"elementor-element elementor-element-207300f e-flex e-con-boxed e-con e-parent\" data-id=\"207300f\" data-element_type=\"container\" data-e-type=\"container\">\n\t\t\t\t\t<div class=\"e-con-inner\">\n\t\t\t\t<div class=\"elementor-element elementor-element-73367d0 elementor-widget elementor-widget-html\" data-id=\"73367d0\" data-element_type=\"widget\" data-e-type=\"widget\" data-widget_type=\"html.default\">\n\t\t\t\t\t<script>\r\n\/*(function () {\r\n  try {\r\n    var params = new URLSearchParams(window.location.search);\r\n\r\n    if (params.get('utm_source')) {\r\n      sessionStorage.setItem('rg_utm_source', params.get('utm_source'));\r\n    }\r\n\r\n    if (params.get('utm_campaign')) {\r\n      sessionStorage.setItem('rg_utm_campaign', params.get('utm_campaign'));\r\n    }\r\n  } catch (e) {}\r\n})();\r\n\r\n\r\n(function () {\r\n  try {\r\n    var params = new URLSearchParams(window.location.search);\r\n\r\n    var source = params.get('utm_source');\r\n    var medium = params.get('utm_medium');\r\n    var campaign = params.get('utm_campaign');\r\n\r\n    \/\/  FALLBACK\r\n    if (!source) {\r\n      if (document.referrer) {\r\n        var ref = new URL(document.referrer);\r\n        var host = ref.hostname;\r\n\r\n        source = host;\r\n\r\n        if (host.includes('google')) {\r\n          source = 'google';\r\n          medium = 'organic';\r\n        } \r\n        else if (host.includes('bing')) {\r\n          source = 'bing';\r\n          medium = 'organic';\r\n        } \r\n        else if (host.includes('facebook')) {\r\n          source = 'facebook';\r\n          medium = 'social';\r\n        } \r\n        else if (host.includes('instagram')) {\r\n          source = 'instagram';\r\n          medium = 'social';\r\n        } \r\n        else {\r\n          medium = 'referral';\r\n        }\r\n\r\n      } else {\r\n        source = '(direct)';\r\n        medium = '(none)';\r\n      }\r\n    }\r\n\r\n    if (source) sessionStorage.setItem('rg_utm_source', source);\r\n    if (medium) sessionStorage.setItem('rg_utm_medium', medium);\r\n    if (campaign) sessionStorage.setItem('rg_utm_campaign', campaign);\r\n\r\n  } catch (e) {}\r\n})();*\/\r\n<\/script>\r\n\r\n\t\t\t\t<\/div>\n\t\t\t\t<div class=\"elementor-element elementor-element-b08c1a0 elementor-widget elementor-widget-html\" data-id=\"b08c1a0\" data-element_type=\"widget\" data-e-type=\"widget\" id=\"fuz-rg-widget\" data-widget_type=\"html.default\">\n\t\t\t\t\t<!-- RG Request Widget START -->\r\n<script type=\"text\/javascript\" data-rg-widget=\"request\">\r\n  (function () {\r\n    if (!window.rgWidgetApi) {\r\n      window.rgWidgetApi = {};\r\n    }\r\n\r\n    window.rgWidgetApi[\"request\"] = {\r\n      options: {\r\n        apiBaseUrl: \"https:\/\/viertelgroup.re-guest.com\",\r\n        serviceToken: \"03E5715F-15E3-45A7-AF9E-5A115B5F349C\",\r\n        languageCode: \"en\",\r\n        privacyUrl: \"https:\/\/badhaus.it\/en\/privacy\/\",\r\n        facilityCode: \"BH\",\r\n        styleUrls: [\r\n          \"https:\/\/use.typekit.net\/imm5twf.css\",\r\n          \"https:\/\/badhaus.it\/wp-content\/themes\/hello-theme-child-master\/fuz-re-guest.css\"\r\n        ],\r\n\r\n        \/* static *\/\r\n        sourceOfBusiness: \"Website\",\r\n\r\n        \/*  dynamic *\/\r\n        promotionVendor: sessionStorage.getItem('rg_utm_source') || \"\",\r\n        promotionMedium: sessionStorage.getItem('rg_utm_medium') || \"\",\r\n        promotion: sessionStorage.getItem('rg_utm_campaign') || \"\"\r\n      },\r\n\r\n      events: null\r\n    };\r\n\r\n    var s = document.createElement(\"script\");\r\n    s.type = \"text\/javascript\";\r\n    s.async = true;\r\n    s.src =\r\n      window.rgWidgetApi[\"request\"].options.apiBaseUrl +\r\n      \"\/public\/widget\/request.js\";\r\n    var x = document.getElementsByTagName(\"script\")[0];\r\n    x.parentNode.insertBefore(s, x);\r\n  })();\r\n<\/script>\r\n<!-- RG Request Widget END -->\r\n\t\t\t\t<\/div>\n\t\t\t\t\t<\/div>\n\t\t\t\t<\/div>\n\t\t\t\t<\/div>\n\t\t","protected":false},"excerpt":{"rendered":"","protected":false},"author":1,"featured_media":1937,"parent":1391,"menu_order":0,"comment_status":"closed","ping_status":"closed","template":"","meta":{"_acf_changed":false,"footnotes":""},"class_list":["post-2051","page","type-page","status-publish","has-post-thumbnail","hentry"],"acf":[],"yoast_head":"<!-- This site is optimized with the Yoast SEO plugin v27.4 - https:\/\/yoast.com\/product\/yoast-seo-wordpress\/ -->\n<title>Inquiry - Boutique Hotel Badhaus<\/title>\n<meta name=\"robots\" content=\"index, follow, max-snippet:-1, max-image-preview:large, max-video-preview:-1\" \/>\n<link rel=\"canonical\" href=\"https:\/\/badhaus.it\/en\/your-stay-4-star-hotel-brixen\/inquiry\/\" \/>\n<meta property=\"og:locale\" content=\"en_US\" \/>\n<meta property=\"og:type\" content=\"article\" \/>\n<meta property=\"og:title\" content=\"Inquiry - Boutique Hotel Badhaus\" \/>\n<meta property=\"og:url\" content=\"https:\/\/badhaus.it\/en\/your-stay-4-star-hotel-brixen\/inquiry\/\" \/>\n<meta property=\"og:site_name\" content=\"Boutique Hotel Badhaus\" \/>\n<meta property=\"article:modified_time\" content=\"2026-03-17T16:07:27+00:00\" \/>\n<meta property=\"og:image\" content=\"https:\/\/badhaus.it\/wp-content\/uploads\/2025\/05\/Badhaus-Musterzimmer-4-Web-\u00a9Freiundzeit.jpg\" \/>\n\t<meta property=\"og:image:width\" content=\"2048\" \/>\n\t<meta property=\"og:image:height\" content=\"1366\" \/>\n\t<meta property=\"og:image:type\" content=\"image\/jpeg\" \/>\n<meta name=\"twitter:card\" content=\"summary_large_image\" \/>\n<script type=\"application\/ld+json\" class=\"yoast-schema-graph\">{\"@context\":\"https:\\\/\\\/schema.org\",\"@graph\":[{\"@type\":\"WebPage\",\"@id\":\"https:\\\/\\\/badhaus.it\\\/en\\\/your-stay-4-star-hotel-brixen\\\/inquiry\\\/\",\"url\":\"https:\\\/\\\/badhaus.it\\\/en\\\/your-stay-4-star-hotel-brixen\\\/inquiry\\\/\",\"name\":\"Inquiry - Boutique Hotel Badhaus\",\"isPartOf\":{\"@id\":\"https:\\\/\\\/badhaus.it\\\/en\\\/#website\"},\"primaryImageOfPage\":{\"@id\":\"https:\\\/\\\/badhaus.it\\\/en\\\/your-stay-4-star-hotel-brixen\\\/inquiry\\\/#primaryimage\"},\"image\":{\"@id\":\"https:\\\/\\\/badhaus.it\\\/en\\\/your-stay-4-star-hotel-brixen\\\/inquiry\\\/#primaryimage\"},\"thumbnailUrl\":\"https:\\\/\\\/badhaus.it\\\/wp-content\\\/uploads\\\/2025\\\/05\\\/Badhaus-Musterzimmer-4-Web-\u00a9Freiundzeit.jpg\",\"datePublished\":\"2025-04-16T15:27:47+00:00\",\"dateModified\":\"2026-03-17T16:07:27+00:00\",\"breadcrumb\":{\"@id\":\"https:\\\/\\\/badhaus.it\\\/en\\\/your-stay-4-star-hotel-brixen\\\/inquiry\\\/#breadcrumb\"},\"inLanguage\":\"en-US\",\"potentialAction\":[{\"@type\":\"ReadAction\",\"target\":[\"https:\\\/\\\/badhaus.it\\\/en\\\/your-stay-4-star-hotel-brixen\\\/inquiry\\\/\"]}]},{\"@type\":\"ImageObject\",\"inLanguage\":\"en-US\",\"@id\":\"https:\\\/\\\/badhaus.it\\\/en\\\/your-stay-4-star-hotel-brixen\\\/inquiry\\\/#primaryimage\",\"url\":\"https:\\\/\\\/badhaus.it\\\/wp-content\\\/uploads\\\/2025\\\/05\\\/Badhaus-Musterzimmer-4-Web-\u00a9Freiundzeit.jpg\",\"contentUrl\":\"https:\\\/\\\/badhaus.it\\\/wp-content\\\/uploads\\\/2025\\\/05\\\/Badhaus-Musterzimmer-4-Web-\u00a9Freiundzeit.jpg\",\"width\":2048,\"height\":1366,\"caption\":\"Ein luxuri\u00f6ses Hotelzimmer f\u00fcr zwei Personen im 4 Sterne Boutique Hotel Badhaus im Zentrum von Brixen in S\u00fcdtirol\"},{\"@type\":\"BreadcrumbList\",\"@id\":\"https:\\\/\\\/badhaus.it\\\/en\\\/your-stay-4-star-hotel-brixen\\\/inquiry\\\/#breadcrumb\",\"itemListElement\":[{\"@type\":\"ListItem\",\"position\":1,\"name\":\"Home\",\"item\":\"https:\\\/\\\/badhaus.it\\\/en\\\/\"},{\"@type\":\"ListItem\",\"position\":2,\"name\":\"Your stay\",\"item\":\"https:\\\/\\\/badhaus.it\\\/en\\\/ihr-aufenthalt-im-4-sterne-hotel-in-brixen\\\/\"},{\"@type\":\"ListItem\",\"position\":3,\"name\":\"Inquiry\"}]},{\"@type\":\"WebSite\",\"@id\":\"https:\\\/\\\/badhaus.it\\\/en\\\/#website\",\"url\":\"https:\\\/\\\/badhaus.it\\\/en\\\/\",\"name\":\"Boutique Hotel Badhaus\",\"description\":\"\",\"publisher\":{\"@id\":\"https:\\\/\\\/badhaus.it\\\/en\\\/#organization\"},\"potentialAction\":[{\"@type\":\"SearchAction\",\"target\":{\"@type\":\"EntryPoint\",\"urlTemplate\":\"https:\\\/\\\/badhaus.it\\\/en\\\/?s={search_term_string}\"},\"query-input\":{\"@type\":\"PropertyValueSpecification\",\"valueRequired\":true,\"valueName\":\"search_term_string\"}}],\"inLanguage\":\"en-US\"},{\"@type\":\"Organization\",\"@id\":\"https:\\\/\\\/badhaus.it\\\/en\\\/#organization\",\"name\":\"Boutique Hotel Badhaus\",\"url\":\"https:\\\/\\\/badhaus.it\\\/en\\\/\",\"logo\":{\"@type\":\"ImageObject\",\"inLanguage\":\"en-US\",\"@id\":\"https:\\\/\\\/badhaus.it\\\/en\\\/#\\\/schema\\\/logo\\\/image\\\/\",\"url\":\"https:\\\/\\\/badhaus.it\\\/wp-content\\\/uploads\\\/2025\\\/04\\\/bh-logo-white-horizontal.svg\",\"contentUrl\":\"https:\\\/\\\/badhaus.it\\\/wp-content\\\/uploads\\\/2025\\\/04\\\/bh-logo-white-horizontal.svg\",\"width\":229,\"height\":29,\"caption\":\"Boutique Hotel Badhaus\"},\"image\":{\"@id\":\"https:\\\/\\\/badhaus.it\\\/en\\\/#\\\/schema\\\/logo\\\/image\\\/\"}}]}<\/script>\n<!-- \/ Yoast SEO plugin. -->","yoast_head_json":{"title":"Inquiry - Boutique Hotel Badhaus","robots":{"index":"index","follow":"follow","max-snippet":"max-snippet:-1","max-image-preview":"max-image-preview:large","max-video-preview":"max-video-preview:-1"},"canonical":"https:\/\/badhaus.it\/en\/your-stay-4-star-hotel-brixen\/inquiry\/","og_locale":"en_US","og_type":"article","og_title":"Inquiry - Boutique Hotel Badhaus","og_url":"https:\/\/badhaus.it\/en\/your-stay-4-star-hotel-brixen\/inquiry\/","og_site_name":"Boutique Hotel Badhaus","article_modified_time":"2026-03-17T16:07:27+00:00","og_image":[{"width":2048,"height":1366,"url":"https:\/\/badhaus.it\/wp-content\/uploads\/2025\/05\/Badhaus-Musterzimmer-4-Web-\u00a9Freiundzeit.jpg","type":"image\/jpeg"}],"twitter_card":"summary_large_image","schema":{"@context":"https:\/\/schema.org","@graph":[{"@type":"WebPage","@id":"https:\/\/badhaus.it\/en\/your-stay-4-star-hotel-brixen\/inquiry\/","url":"https:\/\/badhaus.it\/en\/your-stay-4-star-hotel-brixen\/inquiry\/","name":"Inquiry - Boutique Hotel Badhaus","isPartOf":{"@id":"https:\/\/badhaus.it\/en\/#website"},"primaryImageOfPage":{"@id":"https:\/\/badhaus.it\/en\/your-stay-4-star-hotel-brixen\/inquiry\/#primaryimage"},"image":{"@id":"https:\/\/badhaus.it\/en\/your-stay-4-star-hotel-brixen\/inquiry\/#primaryimage"},"thumbnailUrl":"https:\/\/badhaus.it\/wp-content\/uploads\/2025\/05\/Badhaus-Musterzimmer-4-Web-\u00a9Freiundzeit.jpg","datePublished":"2025-04-16T15:27:47+00:00","dateModified":"2026-03-17T16:07:27+00:00","breadcrumb":{"@id":"https:\/\/badhaus.it\/en\/your-stay-4-star-hotel-brixen\/inquiry\/#breadcrumb"},"inLanguage":"en-US","potentialAction":[{"@type":"ReadAction","target":["https:\/\/badhaus.it\/en\/your-stay-4-star-hotel-brixen\/inquiry\/"]}]},{"@type":"ImageObject","inLanguage":"en-US","@id":"https:\/\/badhaus.it\/en\/your-stay-4-star-hotel-brixen\/inquiry\/#primaryimage","url":"https:\/\/badhaus.it\/wp-content\/uploads\/2025\/05\/Badhaus-Musterzimmer-4-Web-\u00a9Freiundzeit.jpg","contentUrl":"https:\/\/badhaus.it\/wp-content\/uploads\/2025\/05\/Badhaus-Musterzimmer-4-Web-\u00a9Freiundzeit.jpg","width":2048,"height":1366,"caption":"Ein luxuri\u00f6ses Hotelzimmer f\u00fcr zwei Personen im 4 Sterne Boutique Hotel Badhaus im Zentrum von Brixen in S\u00fcdtirol"},{"@type":"BreadcrumbList","@id":"https:\/\/badhaus.it\/en\/your-stay-4-star-hotel-brixen\/inquiry\/#breadcrumb","itemListElement":[{"@type":"ListItem","position":1,"name":"Home","item":"https:\/\/badhaus.it\/en\/"},{"@type":"ListItem","position":2,"name":"Your stay","item":"https:\/\/badhaus.it\/en\/ihr-aufenthalt-im-4-sterne-hotel-in-brixen\/"},{"@type":"ListItem","position":3,"name":"Inquiry"}]},{"@type":"WebSite","@id":"https:\/\/badhaus.it\/en\/#website","url":"https:\/\/badhaus.it\/en\/","name":"Boutique Hotel Badhaus","description":"","publisher":{"@id":"https:\/\/badhaus.it\/en\/#organization"},"potentialAction":[{"@type":"SearchAction","target":{"@type":"EntryPoint","urlTemplate":"https:\/\/badhaus.it\/en\/?s={search_term_string}"},"query-input":{"@type":"PropertyValueSpecification","valueRequired":true,"valueName":"search_term_string"}}],"inLanguage":"en-US"},{"@type":"Organization","@id":"https:\/\/badhaus.it\/en\/#organization","name":"Boutique Hotel Badhaus","url":"https:\/\/badhaus.it\/en\/","logo":{"@type":"ImageObject","inLanguage":"en-US","@id":"https:\/\/badhaus.it\/en\/#\/schema\/logo\/image\/","url":"https:\/\/badhaus.it\/wp-content\/uploads\/2025\/04\/bh-logo-white-horizontal.svg","contentUrl":"https:\/\/badhaus.it\/wp-content\/uploads\/2025\/04\/bh-logo-white-horizontal.svg","width":229,"height":29,"caption":"Boutique Hotel Badhaus"},"image":{"@id":"https:\/\/badhaus.it\/en\/#\/schema\/logo\/image\/"}}]}},"_links":{"self":[{"href":"https:\/\/badhaus.it\/en\/wp-json\/wp\/v2\/pages\/2051","targetHints":{"allow":["GET"]}}],"collection":[{"href":"https:\/\/badhaus.it\/en\/wp-json\/wp\/v2\/pages"}],"about":[{"href":"https:\/\/badhaus.it\/en\/wp-json\/wp\/v2\/types\/page"}],"author":[{"embeddable":true,"href":"https:\/\/badhaus.it\/en\/wp-json\/wp\/v2\/users\/1"}],"replies":[{"embeddable":true,"href":"https:\/\/badhaus.it\/en\/wp-json\/wp\/v2\/comments?post=2051"}],"version-history":[{"count":2,"href":"https:\/\/badhaus.it\/en\/wp-json\/wp\/v2\/pages\/2051\/revisions"}],"predecessor-version":[{"id":3048,"href":"https:\/\/badhaus.it\/en\/wp-json\/wp\/v2\/pages\/2051\/revisions\/3048"}],"up":[{"embeddable":true,"href":"https:\/\/badhaus.it\/en\/wp-json\/wp\/v2\/pages\/1391"}],"wp:featuredmedia":[{"embeddable":true,"href":"https:\/\/badhaus.it\/en\/wp-json\/wp\/v2\/media\/1937"}],"wp:attachment":[{"href":"https:\/\/badhaus.it\/en\/wp-json\/wp\/v2\/media?parent=2051"}],"curies":[{"name":"wp","href":"https:\/\/api.w.org\/{rel}","templated":true}]}}